{"id":2177,"date":"2021-05-07T15:49:53","date_gmt":"2021-05-07T13:49:53","guid":{"rendered":"https:\/\/meettech.hu\/ime\/?page_id=2177"},"modified":"2022-02-14T10:17:57","modified_gmt":"2022-02-14T09:17:57","slug":"kozvetites-3","status":"publish","type":"page","link":"https:\/\/meettech.hu\/ime\/","title":{"rendered":"IME-2"},"content":{"rendered":"\t\t<div data-elementor-type=\"wp-page\" data-elementor-id=\"2177\" class=\"elementor elementor-2177\">\n\t\t\t\t\t\t<div class=\"elementor-inner\">\n\t\t\t\t<div class=\"elementor-section-wrap\">\n\t\t\t\t\t\t\t\t\t<section class=\"elementor-section elementor-top-section elementor-element elementor-element-ef64a1d elementor-section-full_width elementor-section-stretched elementor-section-height-default elementor-section-height-default\" data-id=\"ef64a1d\" data-element_type=\"section\" data-settings=\"{&quot;stretch_section&quot;:&quot;section-stretched&quot;}\">\n\t\t\t\t\t\t\t<div class=\"elementor-background-overlay\"><\/div>\n\t\t\t\t\t\t\t<div class=\"elementor-container elementor-column-gap-default\">\n\t\t\t\t\t\t\t<div class=\"elementor-row\">\n\t\t\t\t\t<div class=\"elementor-column elementor-col-100 elementor-top-column elementor-element elementor-element-1022529\" data-id=\"1022529\" data-element_type=\"column\">\n\t\t\t<div class=\"elementor-column-wrap elementor-element-populated\">\n\t\t\t\t\t\t\t<div class=\"elementor-widget-wrap\">\n\t\t\t\t\t\t<section class=\"elementor-section elementor-inner-section elementor-element elementor-element-4bd00c0 elementor-section-content-middle elementor-section-boxed elementor-section-height-default elementor-section-height-default\" data-id=\"4bd00c0\" data-element_type=\"section\">\n\t\t\t\t\t\t<div class=\"elementor-container elementor-column-gap-default\">\n\t\t\t\t\t\t\t<div class=\"elementor-row\">\n\t\t\t\t\t<div class=\"elementor-column elementor-col-50 elementor-inner-column elementor-element elementor-element-5df0072\" data-id=\"5df0072\" data-element_type=\"column\">\n\t\t\t<div class=\"elementor-column-wrap elementor-element-populated\">\n\t\t\t\t\t\t\t<div class=\"elementor-widget-wrap\">\n\t\t\t\t\t\t<div class=\"elementor-element elementor-element-6c39e65 elementor-widget elementor-widget-text-editor\" data-id=\"6c39e65\" data-element_type=\"widget\" data-widget_type=\"text-editor.default\">\n\t\t\t\t<div class=\"elementor-widget-container\">\n\t\t\t\t\t\t\t\t<div class=\"elementor-text-editor elementor-clearfix\">\n\t\t\t\t\t\t\t\t\t<\/div>\n\t\t\t\t\t\t<\/div>\n\t\t\t\t<\/div>\n\t\t\t\t\t\t<\/div>\n\t\t\t\t\t<\/div>\n\t\t<\/div>\n\t\t\t\t<div class=\"elementor-column elementor-col-50 elementor-inner-column elementor-element elementor-element-8ce14a2\" data-id=\"8ce14a2\" data-element_type=\"column\" data-settings=\"{&quot;background_background&quot;:&quot;classic&quot;}\">\n\t\t\t<div class=\"elementor-column-wrap elementor-element-populated\">\n\t\t\t\t\t<div class=\"elementor-background-overlay\"><\/div>\n\t\t\t\t\t\t\t<div class=\"elementor-widget-wrap\">\n\t\t\t\t\t\t<div class=\"elementor-element elementor-element-be6ece9 elementor-widget elementor-widget-text-editor\" data-id=\"be6ece9\" data-element_type=\"widget\" data-widget_type=\"text-editor.default\">\n\t\t\t\t<div class=\"elementor-widget-container\">\n\t\t\t\t\t\t\t\t<div class=\"elementor-text-editor elementor-clearfix\">\n\t\t\t\t<p style=\"text-align: center;\">F\u0150SZERVEZ\u0150K<\/p>\t\t\t\t\t<\/div>\n\t\t\t\t\t\t<\/div>\n\t\t\t\t<\/div>\n\t\t\t\t<div class=\"elementor-element elementor-element-a2a5c90 elementor-widget elementor-widget-image\" data-id=\"a2a5c90\" data-element_type=\"widget\" data-widget_type=\"image.default\">\n\t\t\t\t<div class=\"elementor-widget-container\">\n\t\t\t\t\t\t\t\t<div class=\"elementor-image\">\n\t\t\t\t\t\t\t\t\t\t\t\t<img width=\"1024\" height=\"523\" src=\"https:\/\/meettech.hu\/ime\/wp-content\/uploads\/sites\/5\/2021\/05\/ime20-1-1024x523.png\" class=\"attachment-large size-large wp-image-2148\" alt=\"\" loading=\"lazy\" srcset=\"https:\/\/meettech.hu\/ime\/wp-content\/uploads\/sites\/5\/2021\/05\/ime20-1-1024x523.png 1024w, https:\/\/meettech.hu\/ime\/wp-content\/uploads\/sites\/5\/2021\/05\/ime20-1-300x153.png 300w, https:\/\/meettech.hu\/ime\/wp-content\/uploads\/sites\/5\/2021\/05\/ime20-1-768x392.png 768w, https:\/\/meettech.hu\/ime\/wp-content\/uploads\/sites\/5\/2021\/05\/ime20-1.png 1158w\" sizes=\"(max-width: 1024px) 100vw, 1024px\" \/>\t\t\t\t\t\t\t\t\t\t\t\t\t\t<\/div>\n\t\t\t\t\t\t<\/div>\n\t\t\t\t<\/div>\n\t\t\t\t<div class=\"elementor-element elementor-element-9b4a870 elementor-widget elementor-widget-spacer\" data-id=\"9b4a870\" data-element_type=\"widget\" data-widget_type=\"spacer.default\">\n\t\t\t\t<div class=\"elementor-widget-container\">\n\t\t\t\t\t<div class=\"elementor-spacer\">\n\t\t\t<div class=\"elementor-spacer-inner\"><\/div>\n\t\t<\/div>\n\t\t\t\t<\/div>\n\t\t\t\t<\/div>\n\t\t\t\t<div class=\"elementor-element elementor-element-4963e31 elementor-widget elementor-widget-image\" data-id=\"4963e31\" data-element_type=\"widget\" data-widget_type=\"image.default\">\n\t\t\t\t<div class=\"elementor-widget-container\">\n\t\t\t\t\t\t\t\t<div class=\"elementor-image\">\n\t\t\t\t\t\t\t\t\t\t\t\t<img width=\"1024\" height=\"399\" src=\"https:\/\/meettech.hu\/ime\/wp-content\/uploads\/sites\/5\/2021\/05\/MEMT_logo-1024x399.jpg\" class=\"attachment-large size-large wp-image-1836\" alt=\"\" loading=\"lazy\" srcset=\"https:\/\/meettech.hu\/ime\/wp-content\/uploads\/sites\/5\/2021\/05\/MEMT_logo-1024x399.jpg 1024w, https:\/\/meettech.hu\/ime\/wp-content\/uploads\/sites\/5\/2021\/05\/MEMT_logo-300x117.jpg 300w, https:\/\/meettech.hu\/ime\/wp-content\/uploads\/sites\/5\/2021\/05\/MEMT_logo-768x299.jpg 768w, https:\/\/meettech.hu\/ime\/wp-content\/uploads\/sites\/5\/2021\/05\/MEMT_logo-1536x598.jpg 1536w, https:\/\/meettech.hu\/ime\/wp-content\/uploads\/sites\/5\/2021\/05\/MEMT_logo.jpg 1875w\" sizes=\"(max-width: 1024px) 100vw, 1024px\" \/>\t\t\t\t\t\t\t\t\t\t\t\t\t\t<\/div>\n\t\t\t\t\t\t<\/div>\n\t\t\t\t<\/div>\n\t\t\t\t<div class=\"elementor-element elementor-element-f002f40 elementor-widget elementor-widget-spacer\" data-id=\"f002f40\" data-element_type=\"widget\" data-widget_type=\"spacer.default\">\n\t\t\t\t<div class=\"elementor-widget-container\">\n\t\t\t\t\t<div class=\"elementor-spacer\">\n\t\t\t<div class=\"elementor-spacer-inner\"><\/div>\n\t\t<\/div>\n\t\t\t\t<\/div>\n\t\t\t\t<\/div>\n\t\t\t\t<div class=\"elementor-element elementor-element-3394a5b elementor-widget elementor-widget-text-editor\" data-id=\"3394a5b\" data-element_type=\"widget\" data-widget_type=\"text-editor.default\">\n\t\t\t\t<div class=\"elementor-widget-container\">\n\t\t\t\t\t\t\t\t<div class=\"elementor-text-editor elementor-clearfix\">\n\t\t\t\t<p style=\"text-align: center;\">SZAKMAI PARTNER<\/p>\t\t\t\t\t<\/div>\n\t\t\t\t\t\t<\/div>\n\t\t\t\t<\/div>\n\t\t\t\t<div class=\"elementor-element elementor-element-9367c6e elementor-widget elementor-widget-image\" data-id=\"9367c6e\" data-element_type=\"widget\" data-widget_type=\"image.default\">\n\t\t\t\t<div class=\"elementor-widget-container\">\n\t\t\t\t\t\t\t\t<div class=\"elementor-image\">\n\t\t\t\t\t\t\t\t\t\t\t\t<img width=\"372\" height=\"372\" src=\"https:\/\/meettech.hu\/ime\/wp-content\/uploads\/sites\/5\/2020\/08\/Semmelweis_Egyetem_image_logo.jpg\" class=\"attachment-large size-large wp-image-554\" alt=\"\" loading=\"lazy\" srcset=\"https:\/\/meettech.hu\/ime\/wp-content\/uploads\/sites\/5\/2020\/08\/Semmelweis_Egyetem_image_logo.jpg 372w, https:\/\/meettech.hu\/ime\/wp-content\/uploads\/sites\/5\/2020\/08\/Semmelweis_Egyetem_image_logo-300x300.jpg 300w, https:\/\/meettech.hu\/ime\/wp-content\/uploads\/sites\/5\/2020\/08\/Semmelweis_Egyetem_image_logo-150x150.jpg 150w\" sizes=\"(max-width: 372px) 100vw, 372px\" \/>\t\t\t\t\t\t\t\t\t\t\t\t\t\t<\/div>\n\t\t\t\t\t\t<\/div>\n\t\t\t\t<\/div>\n\t\t\t\t<div class=\"elementor-element elementor-element-d8538a8 elementor-widget elementor-widget-spacer\" data-id=\"d8538a8\" data-element_type=\"widget\" data-widget_type=\"spacer.default\">\n\t\t\t\t<div class=\"elementor-widget-container\">\n\t\t\t\t\t<div class=\"elementor-spacer\">\n\t\t\t<div class=\"elementor-spacer-inner\"><\/div>\n\t\t<\/div>\n\t\t\t\t<\/div>\n\t\t\t\t<\/div>\n\t\t\t\t<div class=\"elementor-element elementor-element-edb72e3 elementor-widget elementor-widget-text-editor\" data-id=\"edb72e3\" data-element_type=\"widget\" data-widget_type=\"text-editor.default\">\n\t\t\t\t<div class=\"elementor-widget-container\">\n\t\t\t\t\t\t\t\t<div class=\"elementor-text-editor elementor-clearfix\">\n\t\t\t\t\t\t\t\t\t<\/div>\n\t\t\t\t\t\t<\/div>\n\t\t\t\t<\/div>\n\t\t\t\t<div class=\"elementor-element elementor-element-0b36cc8 elementor-widget elementor-widget-spacer\" data-id=\"0b36cc8\" data-element_type=\"widget\" data-widget_type=\"spacer.default\">\n\t\t\t\t<div class=\"elementor-widget-container\">\n\t\t\t\t\t<div class=\"elementor-spacer\">\n\t\t\t<div class=\"elementor-spacer-inner\"><\/div>\n\t\t<\/div>\n\t\t\t\t<\/div>\n\t\t\t\t<\/div>\n\t\t\t\t<div class=\"elementor-element elementor-element-14ff664 elementor-widget elementor-widget-text-editor\" data-id=\"14ff664\" data-element_type=\"widget\" data-widget_type=\"text-editor.default\">\n\t\t\t\t<div class=\"elementor-widget-container\">\n\t\t\t\t\t\t\t\t<div class=\"elementor-text-editor elementor-clearfix\">\n\t\t\t\t<p style=\"text-align: center;\">T\u00c1MOGAT\u00d3K<\/p>\t\t\t\t\t<\/div>\n\t\t\t\t\t\t<\/div>\n\t\t\t\t<\/div>\n\t\t\t\t<div class=\"elementor-element elementor-element-a152a03 elementor-widget elementor-widget-image\" data-id=\"a152a03\" data-element_type=\"widget\" data-widget_type=\"image.default\">\n\t\t\t\t<div class=\"elementor-widget-container\">\n\t\t\t\t\t\t\t\t<div class=\"elementor-image\">\n\t\t\t\t\t\t\t\t\t\t\t\t<img width=\"743\" height=\"744\" src=\"https:\/\/meettech.hu\/ime\/wp-content\/uploads\/sites\/5\/2021\/05\/MNB_logo_emblema_aranyhatter_hun.jpg\" class=\"attachment-large size-large wp-image-2331\" alt=\"\" loading=\"lazy\" srcset=\"https:\/\/meettech.hu\/ime\/wp-content\/uploads\/sites\/5\/2021\/05\/MNB_logo_emblema_aranyhatter_hun.jpg 743w, https:\/\/meettech.hu\/ime\/wp-content\/uploads\/sites\/5\/2021\/05\/MNB_logo_emblema_aranyhatter_hun-300x300.jpg 300w, https:\/\/meettech.hu\/ime\/wp-content\/uploads\/sites\/5\/2021\/05\/MNB_logo_emblema_aranyhatter_hun-150x150.jpg 150w\" sizes=\"(max-width: 743px) 100vw, 743px\" \/>\t\t\t\t\t\t\t\t\t\t\t\t\t\t<\/div>\n\t\t\t\t\t\t<\/div>\n\t\t\t\t<\/div>\n\t\t\t\t<div class=\"elementor-element elementor-element-67c0ab1 elementor-widget elementor-widget-spacer\" data-id=\"67c0ab1\" data-element_type=\"widget\" data-widget_type=\"spacer.default\">\n\t\t\t\t<div class=\"elementor-widget-container\">\n\t\t\t\t\t<div class=\"elementor-spacer\">\n\t\t\t<div class=\"elementor-spacer-inner\"><\/div>\n\t\t<\/div>\n\t\t\t\t<\/div>\n\t\t\t\t<\/div>\n\t\t\t\t<div class=\"elementor-element elementor-element-5ef6ce1 elementor-widget elementor-widget-image\" data-id=\"5ef6ce1\" data-element_type=\"widget\" data-widget_type=\"image.default\">\n\t\t\t\t<div class=\"elementor-widget-container\">\n\t\t\t\t\t\t\t\t<div class=\"elementor-image\">\n\t\t\t\t\t\t\t\t\t\t\t\t<img width=\"344\" height=\"339\" src=\"https:\/\/meettech.hu\/ime\/wp-content\/uploads\/sites\/5\/2020\/05\/Sz\u00e9pm\u0171v\u00e9szeti.jpg\" class=\"attachment-large size-large wp-image-229\" alt=\"\" loading=\"lazy\" srcset=\"https:\/\/meettech.hu\/ime\/wp-content\/uploads\/sites\/5\/2020\/05\/Sz\u00e9pm\u0171v\u00e9szeti.jpg 344w, https:\/\/meettech.hu\/ime\/wp-content\/uploads\/sites\/5\/2020\/05\/Sz\u00e9pm\u0171v\u00e9szeti-300x296.jpg 300w\" sizes=\"(max-width: 344px) 100vw, 344px\" \/>\t\t\t\t\t\t\t\t\t\t\t\t\t\t<\/div>\n\t\t\t\t\t\t<\/div>\n\t\t\t\t<\/div>\n\t\t\t\t<div class=\"elementor-element elementor-element-be79db7 elementor-widget elementor-widget-spacer\" data-id=\"be79db7\" data-element_type=\"widget\" data-widget_type=\"spacer.default\">\n\t\t\t\t<div class=\"elementor-widget-container\">\n\t\t\t\t\t<div class=\"elementor-spacer\">\n\t\t\t<div class=\"elementor-spacer-inner\"><\/div>\n\t\t<\/div>\n\t\t\t\t<\/div>\n\t\t\t\t<\/div>\n\t\t\t\t<div class=\"elementor-element elementor-element-f64d99a elementor-widget elementor-widget-text-editor\" data-id=\"f64d99a\" data-element_type=\"widget\" data-widget_type=\"text-editor.default\">\n\t\t\t\t<div class=\"elementor-widget-container\">\n\t\t\t\t\t\t\t\t<div class=\"elementor-text-editor elementor-clearfix\">\n\t\t\t\t<p style=\"text-align: center;\">TECHNIKAI T\u00c1MOGAT\u00d3K<\/p>\t\t\t\t\t<\/div>\n\t\t\t\t\t\t<\/div>\n\t\t\t\t<\/div>\n\t\t\t\t<div class=\"elementor-element elementor-element-f2defbf elementor-widget elementor-widget-spacer\" data-id=\"f2defbf\" data-element_type=\"widget\" data-widget_type=\"spacer.default\">\n\t\t\t\t<div class=\"elementor-widget-container\">\n\t\t\t\t\t<div class=\"elementor-spacer\">\n\t\t\t<div class=\"elementor-spacer-inner\"><\/div>\n\t\t<\/div>\n\t\t\t\t<\/div>\n\t\t\t\t<\/div>\n\t\t\t\t<div class=\"elementor-element elementor-element-b00f071 elementor-widget elementor-widget-image\" data-id=\"b00f071\" data-element_type=\"widget\" data-widget_type=\"image.default\">\n\t\t\t\t<div class=\"elementor-widget-container\">\n\t\t\t\t\t\t\t\t<div class=\"elementor-image\">\n\t\t\t\t\t\t\t\t\t\t\t\t<img width=\"500\" height=\"176\" src=\"https:\/\/meettech.hu\/ime\/wp-content\/uploads\/sites\/5\/2020\/05\/meettech_logo.png\" class=\"attachment-large size-large wp-image-104\" alt=\"\" loading=\"lazy\" srcset=\"https:\/\/meettech.hu\/ime\/wp-content\/uploads\/sites\/5\/2020\/05\/meettech_logo.png 500w, https:\/\/meettech.hu\/ime\/wp-content\/uploads\/sites\/5\/2020\/05\/meettech_logo-300x106.png 300w\" sizes=\"(max-width: 500px) 100vw, 500px\" \/>\t\t\t\t\t\t\t\t\t\t\t\t\t\t<\/div>\n\t\t\t\t\t\t<\/div>\n\t\t\t\t<\/div>\n\t\t\t\t<div class=\"elementor-element elementor-element-75b5962 elementor-widget elementor-widget-spacer\" data-id=\"75b5962\" data-element_type=\"widget\" data-widget_type=\"spacer.default\">\n\t\t\t\t<div class=\"elementor-widget-container\">\n\t\t\t\t\t<div class=\"elementor-spacer\">\n\t\t\t<div class=\"elementor-spacer-inner\"><\/div>\n\t\t<\/div>\n\t\t\t\t<\/div>\n\t\t\t\t<\/div>\n\t\t\t\t<div class=\"elementor-element elementor-element-91a02b2 elementor-widget elementor-widget-image\" data-id=\"91a02b2\" data-element_type=\"widget\" data-widget_type=\"image.default\">\n\t\t\t\t<div class=\"elementor-widget-container\">\n\t\t\t\t\t\t\t\t<div class=\"elementor-image\">\n\t\t\t\t\t\t\t\t\t\t\t\t<img width=\"500\" height=\"92\" src=\"https:\/\/meettech.hu\/ime\/wp-content\/uploads\/sites\/5\/2020\/05\/tomax_media_logo19_small.png\" class=\"attachment-large size-large wp-image-219\" alt=\"\" loading=\"lazy\" srcset=\"https:\/\/meettech.hu\/ime\/wp-content\/uploads\/sites\/5\/2020\/05\/tomax_media_logo19_small.png 500w, https:\/\/meettech.hu\/ime\/wp-content\/uploads\/sites\/5\/2020\/05\/tomax_media_logo19_small-300x55.png 300w\" sizes=\"(max-width: 500px) 100vw, 500px\" \/>\t\t\t\t\t\t\t\t\t\t\t\t\t\t<\/div>\n\t\t\t\t\t\t<\/div>\n\t\t\t\t<\/div>\n\t\t\t\t\t\t<\/div>\n\t\t\t\t\t<\/div>\n\t\t<\/div>\n\t\t\t\t\t\t\t\t<\/div>\n\t\t\t\t\t<\/div>\n\t\t<\/section>\n\t\t\t\t<div class=\"elementor-element elementor-element-dbae811 elementor-widget-divider--view-line elementor-widget elementor-widget-divider\" data-id=\"dbae811\" data-element_type=\"widget\" data-widget_type=\"divider.default\">\n\t\t\t\t<div class=\"elementor-widget-container\">\n\t\t\t\t\t<div class=\"elementor-divider\">\n\t\t\t<span class=\"elementor-divider-separator\">\n\t\t\t\t\t\t<\/span>\n\t\t<\/div>\n\t\t\t\t<\/div>\n\t\t\t\t<\/div>\n\t\t\t\t<div class=\"elementor-element elementor-element-b31056d elementor-widget elementor-widget-spacer\" data-id=\"b31056d\" data-element_type=\"widget\" data-widget_type=\"spacer.default\">\n\t\t\t\t<div class=\"elementor-widget-container\">\n\t\t\t\t\t<div class=\"elementor-spacer\">\n\t\t\t<div class=\"elementor-spacer-inner\"><\/div>\n\t\t<\/div>\n\t\t\t\t<\/div>\n\t\t\t\t<\/div>\n\t\t\t\t\t\t<\/div>\n\t\t\t\t\t<\/div>\n\t\t<\/div>\n\t\t\t\t\t\t\t\t<\/div>\n\t\t\t\t\t<\/div>\n\t\t<\/section>\n\t\t\t\t<section class=\"elementor-section elementor-top-section elementor-element elementor-element-a6f859d elementor-section-stretched elementor-section-boxed elementor-section-height-default elementor-section-height-default\" data-id=\"a6f859d\" data-element_type=\"section\" data-settings=\"{&quot;stretch_section&quot;:&quot;section-stretched&quot;}\">\n\t\t\t\t\t\t\t<div class=\"elementor-background-overlay\"><\/div>\n\t\t\t\t\t\t\t<div class=\"elementor-container elementor-column-gap-default\">\n\t\t\t\t\t\t\t<div class=\"elementor-row\">\n\t\t\t\t\t<div class=\"elementor-column elementor-col-100 elementor-top-column elementor-element elementor-element-5b4645c\" data-id=\"5b4645c\" data-element_type=\"column\">\n\t\t\t<div class=\"elementor-column-wrap elementor-element-populated\">\n\t\t\t\t\t\t\t<div class=\"elementor-widget-wrap\">\n\t\t\t\t\t\t<div class=\"elementor-element elementor-element-8dfa7b8 elementor-widget elementor-widget-text-editor\" data-id=\"8dfa7b8\" data-element_type=\"widget\" data-widget_type=\"text-editor.default\">\n\t\t\t\t<div class=\"elementor-widget-container\">\n\t\t\t\t\t\t\t\t<div class=\"elementor-text-editor elementor-clearfix\">\n\t\t\t\t\t\t\t\t\t<\/div>\n\t\t\t\t\t\t<\/div>\n\t\t\t\t<\/div>\n\t\t\t\t\t\t<\/div>\n\t\t\t\t\t<\/div>\n\t\t<\/div>\n\t\t\t\t\t\t\t\t<\/div>\n\t\t\t\t\t<\/div>\n\t\t<\/section>\n\t\t\t\t<section class=\"elementor-section elementor-top-section elementor-element elementor-element-5faab43 elementor-section-content-middle elementor-section-stretched elementor-section-boxed elementor-section-height-default elementor-section-height-default\" data-id=\"5faab43\" data-element_type=\"section\" data-settings=\"{&quot;stretch_section&quot;:&quot;section-stretched&quot;}\">\n\t\t\t\t\t\t<div class=\"elementor-container elementor-column-gap-default\">\n\t\t\t\t\t\t\t<div class=\"elementor-row\">\n\t\t\t\t\t<div class=\"elementor-column elementor-col-33 elementor-top-column elementor-element elementor-element-4e35a1c\" data-id=\"4e35a1c\" data-element_type=\"column\">\n\t\t\t<div class=\"elementor-column-wrap elementor-element-populated\">\n\t\t\t\t\t\t\t<div class=\"elementor-widget-wrap\">\n\t\t\t\t\t\t<div class=\"elementor-element elementor-element-ed5730f elementor-hidden-tablet elementor-hidden-phone elementor-widget elementor-widget-image\" data-id=\"ed5730f\" data-element_type=\"widget\" data-widget_type=\"image.default\">\n\t\t\t\t<div class=\"elementor-widget-container\">\n\t\t\t\t\t\t\t\t<div class=\"elementor-image\">\n\t\t\t\t\t\t\t\t\t\t\t\t<img width=\"523\" height=\"1024\" src=\"https:\/\/meettech.hu\/ime\/wp-content\/uploads\/sites\/5\/2021\/05\/ime20-e1620393248968-523x1024.png\" class=\"attachment-large size-large wp-image-2131\" alt=\"\" loading=\"lazy\" srcset=\"https:\/\/meettech.hu\/ime\/wp-content\/uploads\/sites\/5\/2021\/05\/ime20-e1620393248968-523x1024.png 523w, https:\/\/meettech.hu\/ime\/wp-content\/uploads\/sites\/5\/2021\/05\/ime20-e1620393248968-153x300.png 153w, https:\/\/meettech.hu\/ime\/wp-content\/uploads\/sites\/5\/2021\/05\/ime20-e1620393248968.png 591w\" sizes=\"(max-width: 523px) 100vw, 523px\" \/>\t\t\t\t\t\t\t\t\t\t\t\t\t\t<\/div>\n\t\t\t\t\t\t<\/div>\n\t\t\t\t<\/div>\n\t\t\t\t\t\t<\/div>\n\t\t\t\t\t<\/div>\n\t\t<\/div>\n\t\t\t\t<div class=\"elementor-column elementor-col-33 elementor-top-column elementor-element elementor-element-78e6803\" data-id=\"78e6803\" data-element_type=\"column\">\n\t\t\t<div class=\"elementor-column-wrap elementor-element-populated\">\n\t\t\t\t\t\t\t<div class=\"elementor-widget-wrap\">\n\t\t\t\t\t\t<div class=\"elementor-element elementor-element-5b0de99 elementor-widget elementor-widget-text-editor\" data-id=\"5b0de99\" data-element_type=\"widget\" data-widget_type=\"text-editor.default\">\n\t\t\t\t<div class=\"elementor-widget-container\">\n\t\t\t\t\t\t\t\t<div class=\"elementor-text-editor elementor-clearfix\">\n\t\t\t\t<p>IME<\/p>\t\t\t\t\t<\/div>\n\t\t\t\t\t\t<\/div>\n\t\t\t\t<\/div>\n\t\t\t\t<div class=\"elementor-element elementor-element-406601e elementor-widget elementor-widget-text-editor\" data-id=\"406601e\" data-element_type=\"widget\" data-widget_type=\"text-editor.default\">\n\t\t\t\t<div class=\"elementor-widget-container\">\n\t\t\t\t\t\t\t\t<div class=\"elementor-text-editor elementor-clearfix\">\n\t\t\t\t<p>Tudom\u00e1nyos foly\u00f3irat &#8211; Az eg\u00e9szs\u00e9g\u00fcgyi vezet\u0151k szaklapja<\/p>\t\t\t\t\t<\/div>\n\t\t\t\t\t\t<\/div>\n\t\t\t\t<\/div>\n\t\t\t\t<div class=\"elementor-element elementor-element-f9153fb elementor-position-left elementor-vertical-align-middle elementor-widget__width-initial elementor-view-default elementor-mobile-position-top elementor-widget elementor-widget-icon-box\" data-id=\"f9153fb\" data-element_type=\"widget\" data-widget_type=\"icon-box.default\">\n\t\t\t\t<div class=\"elementor-widget-container\">\n\t\t\t\t\t<div class=\"elementor-icon-box-wrapper\">\n\t\t\t\t\t\t<div class=\"elementor-icon-box-icon\">\n\t\t\t\t<span class=\"elementor-icon elementor-animation-\" >\n\t\t\t\t<i aria-hidden=\"true\" class=\"fas fa-phone-alt\"><\/i>\t\t\t\t<\/span>\n\t\t\t<\/div>\n\t\t\t\t\t\t<div class=\"elementor-icon-box-content\">\n\t\t\t\t<h3 class=\"elementor-icon-box-title\">\n\t\t\t\t\t<span  >\n\t\t\t\t\t\t\t\t\t\t\t<\/span>\n\t\t\t\t<\/h3>\n\t\t\t\t\t\t\t\t\t<p class=\"elementor-icon-box-description\">\n\t\t\t\t\t\t+36-30\/459-9353  |  \t\t\t\t\t<\/p>\n\t\t\t\t\t\t\t<\/div>\n\t\t<\/div>\n\t\t\t\t<\/div>\n\t\t\t\t<\/div>\n\t\t\t\t<div class=\"elementor-element elementor-element-b3dfb1e elementor-position-left elementor-vertical-align-middle elementor-widget__width-initial elementor-view-default elementor-mobile-position-top elementor-widget elementor-widget-icon-box\" data-id=\"b3dfb1e\" data-element_type=\"widget\" data-widget_type=\"icon-box.default\">\n\t\t\t\t<div class=\"elementor-widget-container\">\n\t\t\t\t\t<div class=\"elementor-icon-box-wrapper\">\n\t\t\t\t\t\t<div class=\"elementor-icon-box-icon\">\n\t\t\t\t<span class=\"elementor-icon elementor-animation-\" >\n\t\t\t\t<i aria-hidden=\"true\" class=\"fas fa-envelope\"><\/i>\t\t\t\t<\/span>\n\t\t\t<\/div>\n\t\t\t\t\t\t<div class=\"elementor-icon-box-content\">\n\t\t\t\t<h3 class=\"elementor-icon-box-title\">\n\t\t\t\t\t<span  >\n\t\t\t\t\t\t\t\t\t\t\t<\/span>\n\t\t\t\t<\/h3>\n\t\t\t\t\t\t\t\t\t<p class=\"elementor-icon-box-description\">\n\t\t\t\t\t\time@memt.hu\t\t\t\t\t<\/p>\n\t\t\t\t\t\t\t<\/div>\n\t\t<\/div>\n\t\t\t\t<\/div>\n\t\t\t\t<\/div>\n\t\t\t\t<div class=\"elementor-element elementor-element-14bd465 elementor-widget elementor-widget-text-editor\" data-id=\"14bd465\" data-element_type=\"widget\" data-widget_type=\"text-editor.default\">\n\t\t\t\t<div class=\"elementor-widget-container\">\n\t\t\t\t\t\t\t\t<div class=\"elementor-text-editor elementor-clearfix\">\n\t\t\t\t<p><span style=\"color: #008080;\"><a style=\"color: #008080;\" href=\"http:\/\/www.memt.hu\" target=\"_blank\" rel=\"noopener\">www.memt.hu<\/a><\/span> |<span style=\"color: #008080;\">\u00a0<a style=\"color: #008080;\" href=\"https:\/\/www.imeonline.hu\/\" target=\"_blank\" rel=\"noopener\">www.imeonline.hu<\/a><\/span><\/p>\t\t\t\t\t<\/div>\n\t\t\t\t\t\t<\/div>\n\t\t\t\t<\/div>\n\t\t\t\t\t\t<\/div>\n\t\t\t\t\t<\/div>\n\t\t<\/div>\n\t\t\t\t<div class=\"elementor-column elementor-col-33 elementor-top-column elementor-element elementor-element-c1c4704\" data-id=\"c1c4704\" data-element_type=\"column\">\n\t\t\t<div class=\"elementor-column-wrap elementor-element-populated\">\n\t\t\t\t\t\t\t<div class=\"elementor-widget-wrap\">\n\t\t\t\t\t\t<div class=\"elementor-element elementor-element-77d2f55 elementor-hidden-tablet elementor-hidden-phone elementor-widget elementor-widget-image\" data-id=\"77d2f55\" data-element_type=\"widget\" data-widget_type=\"image.default\">\n\t\t\t\t<div class=\"elementor-widget-container\">\n\t\t\t\t\t\t\t\t<div class=\"elementor-image\">\n\t\t\t\t\t\t\t\t\t\t\t\t<img width=\"167\" height=\"167\" src=\"https:\/\/meettech.hu\/ime\/wp-content\/uploads\/sites\/5\/2020\/05\/Semmelweis_logo.png\" class=\"attachment-large size-large wp-image-8\" alt=\"\" loading=\"lazy\" srcset=\"https:\/\/meettech.hu\/ime\/wp-content\/uploads\/sites\/5\/2020\/05\/Semmelweis_logo.png 167w, https:\/\/meettech.hu\/ime\/wp-content\/uploads\/sites\/5\/2020\/05\/Semmelweis_logo-150x150.png 150w\" sizes=\"(max-width: 167px) 100vw, 167px\" \/>\t\t\t\t\t\t\t\t\t\t\t\t\t\t<\/div>\n\t\t\t\t\t\t<\/div>\n\t\t\t\t<\/div>\n\t\t\t\t\t\t<\/div>\n\t\t\t\t\t<\/div>\n\t\t<\/div>\n\t\t\t\t\t\t\t\t<\/div>\n\t\t\t\t\t<\/div>\n\t\t<\/section>\n\t\t\t\t\t\t\t\t\t<\/div>\n\t\t\t<\/div>\n\t\t\t\t\t<\/div>\n\t\t","protected":false},"excerpt":{"rendered":"<p>F\u0150SZERVEZ\u0150K SZAKMAI PARTNER T\u00c1MOGAT\u00d3K TECHNIKAI T\u00c1MOGAT\u00d3K IME Tudom\u00e1nyos foly\u00f3irat &#8211; Az eg\u00e9szs\u00e9g\u00fcgyi vezet\u0151k szaklapja +36-30\/459-9353 | ime@memt.hu www.memt.hu |\u00a0www.imeonline.hu<\/p>\n","protected":false},"author":2,"featured_media":0,"parent":0,"menu_order":0,"comment_status":"closed","ping_status":"closed","template":"","meta":{"neve_meta_sidebar":"full-width","neve_meta_container":"","neve_meta_enable_content_width":"on","neve_meta_content_width":100,"neve_meta_title_alignment":"","neve_meta_author_avatar":"","neve_post_elements_order":"","neve_meta_disable_header":"","neve_meta_disable_footer":"on","neve_meta_disable_title":"on"},"_links":{"self":[{"href":"https:\/\/meettech.hu\/ime\/wp-json\/wp\/v2\/pages\/2177"}],"collection":[{"href":"https:\/\/meettech.hu\/ime\/wp-json\/wp\/v2\/pages"}],"about":[{"href":"https:\/\/meettech.hu\/ime\/wp-json\/wp\/v2\/types\/page"}],"author":[{"embeddable":true,"href":"https:\/\/meettech.hu\/ime\/wp-json\/wp\/v2\/users\/2"}],"replies":[{"embeddable":true,"href":"https:\/\/meettech.hu\/ime\/wp-json\/wp\/v2\/comments?post=2177"}],"version-history":[{"count":150,"href":"https:\/\/meettech.hu\/ime\/wp-json\/wp\/v2\/pages\/2177\/revisions"}],"predecessor-version":[{"id":3758,"href":"https:\/\/meettech.hu\/ime\/wp-json\/wp\/v2\/pages\/2177\/revisions\/3758"}],"wp:attachment":[{"href":"https:\/\/meettech.hu\/ime\/wp-json\/wp\/v2\/media?parent=2177"}],"curies":[{"name":"wp","href":"https:\/\/api.w.org\/{rel}","templated":true}]}}